{"id":1019,"date":"2026-05-06T14:25:44","date_gmt":"2026-05-06T12:25:44","guid":{"rendered":"https:\/\/labeilleardennaise.fr\/?page_id=1019"},"modified":"2026-05-06T15:04:08","modified_gmt":"2026-05-06T13:04:08","slug":"liste-des-personnes-a-contacter-en-cas-dessaim","status":"publish","type":"page","link":"https:\/\/labeilleardennaise.fr\/index.php\/liste-des-personnes-a-contacter-en-cas-dessaim\/","title":{"rendered":"Retrait d&rsquo;essaim"},"content":{"rendered":"\n<p class=\"has-text-align-center\"><mark style=\"background-color:rgba(0, 0, 0, 0)\" class=\"has-inline-color has-vivid-green-cyan-color\">Liste des personnes \u00e0 contacter en cas d&rsquo;essaim<\/mark><\/p>\n\n\n\n<figure class=\"wp-block-table\"><table class=\"has-fixed-layout\"><tbody><tr><td class=\"has-text-align-center\" data-align=\"center\">Nom<\/td><td class=\"has-text-align-center\" data-align=\"center\">Prenom<\/td><td class=\"has-text-align-center\" data-align=\"center\">Num\u00e9ro t\u00e9l\u00e9phone<\/td><td class=\"has-text-align-center\" data-align=\"center\">Secteur<\/td><\/tr><tr><td>Landais<\/td><td>Jerome<\/td><td>06 25 05 53 30<\/td><td>Floing ,Sedan, Illy,Saint m\u00e9nages<\/td><\/tr><tr><td>HABAI<\/td><td>Patrick<\/td><td>06 50 47 04 87<\/td><td>5 km autour de Wadelincourt<\/td><\/tr><tr><td>Couaillier<\/td><td>Philippe<\/td><td>06 69 73 16 54<\/td><td>Saint-Menges<\/td><\/tr><tr><td>PONTONE<\/td><td>Luigi<\/td><td>06 72 96 45 66<\/td><td>Villers sur Bar<\/td><\/tr><tr><td>Lemaire<\/td><td>Fabien<\/td><td>06 43 02 18 52<\/td><td>Aubigny-les-poth\u00e9es, Signy-l&rsquo;abbaye, Thin-le-Moutier, Launois\/vence.<\/td><\/tr><tr><td>CAPOANI<\/td><td>Mathieu<\/td><td>06 03 86 12 99<\/td><td>Blagny carignan, Messincourt pouru St R\u00e9my , Margut, Mouzon<\/td><\/tr><tr><td>MELIN<\/td><td>Emilien<\/td><td>07 69 14 20 28<\/td><td>Brieulles sur Bar et 10 kms \u00e0 la ronde<\/td><\/tr><tr><td>CONROUX<\/td><td>Emmanuel<\/td><td>06 08 42 28 59<\/td><td>Thin le Moutier, Dommery<\/td><\/tr><\/tbody><\/table><\/figure>\n\n\n\n<p><\/p>\n","protected":false},"excerpt":{"rendered":"<p>Liste des personnes \u00e0 contacter en cas d&rsquo;essaim Nom Prenom Num\u00e9ro t\u00e9l\u00e9phone Secteur Landais Jerome 06 25 05 53 30 Floing ,Sedan, Illy,Saint m\u00e9nages HABAI Patrick 06 50 47 04 87 5 km autour de Wadelincourt Couaillier Philippe 06 69 73 16 54 Saint-Menges PONTONE Luigi 06 72 96 45 66 Villers sur Bar Lemaire [&hellip;]<\/p>\n","protected":false},"author":1,"featured_media":0,"parent":0,"menu_order":0,"comment_status":"closed","ping_status":"closed","template":"","meta":{"footnotes":""},"class_list":["post-1019","page","type-page","status-publish","hentry"],"yoast_head":"<!-- This site is optimized with the Yoast SEO plugin v27.5 - https:\/\/yoast.com\/product\/yoast-seo-wordpress\/ -->\n<title>Retrait d&#039;essaim - L&#039;Abeille Ardennaise<\/title>\n<meta name=\"robots\" content=\"index, follow, max-snippet:-1, max-image-preview:large, max-video-preview:-1\" \/>\n<link rel=\"canonical\" href=\"https:\/\/labeilleardennaise.fr\/index.php\/liste-des-personnes-a-contacter-en-cas-dessaim\/\" \/>\n<meta property=\"og:locale\" content=\"fr_FR\" \/>\n<meta property=\"og:type\" content=\"article\" \/>\n<meta property=\"og:title\" content=\"Retrait d&#039;essaim - L&#039;Abeille Ardennaise\" \/>\n<meta property=\"og:description\" content=\"Liste des personnes \u00e0 contacter en cas d&rsquo;essaim Nom Prenom Num\u00e9ro t\u00e9l\u00e9phone Secteur Landais Jerome 06 25 05 53 30 Floing ,Sedan, Illy,Saint m\u00e9nages HABAI Patrick 06 50 47 04 87 5 km autour de Wadelincourt Couaillier Philippe 06 69 73 16 54 Saint-Menges PONTONE Luigi 06 72 96 45 66 Villers sur Bar Lemaire [&hellip;]\" \/>\n<meta property=\"og:url\" content=\"https:\/\/labeilleardennaise.fr\/index.php\/liste-des-personnes-a-contacter-en-cas-dessaim\/\" \/>\n<meta property=\"og:site_name\" content=\"L&#039;Abeille Ardennaise\" \/>\n<meta property=\"article:modified_time\" content=\"2026-05-06T13:04:08+00:00\" \/>\n<meta name=\"twitter:card\" content=\"summary_large_image\" \/>\n<meta name=\"twitter:label1\" content=\"Dur\u00e9e de lecture estim\u00e9e\" \/>\n\t<meta name=\"twitter:data1\" content=\"1 minute\" \/>\n<script type=\"application\/ld+json\" class=\"yoast-schema-graph\">{\"@context\":\"https:\\\/\\\/schema.org\",\"@graph\":[{\"@type\":\"WebPage\",\"@id\":\"https:\\\/\\\/labeilleardennaise.fr\\\/index.php\\\/liste-des-personnes-a-contacter-en-cas-dessaim\\\/\",\"url\":\"https:\\\/\\\/labeilleardennaise.fr\\\/index.php\\\/liste-des-personnes-a-contacter-en-cas-dessaim\\\/\",\"name\":\"Retrait d'essaim - L&#039;Abeille Ardennaise\",\"isPartOf\":{\"@id\":\"https:\\\/\\\/labeilleardennaise.fr\\\/#website\"},\"datePublished\":\"2026-05-06T12:25:44+00:00\",\"dateModified\":\"2026-05-06T13:04:08+00:00\",\"breadcrumb\":{\"@id\":\"https:\\\/\\\/labeilleardennaise.fr\\\/index.php\\\/liste-des-personnes-a-contacter-en-cas-dessaim\\\/#breadcrumb\"},\"inLanguage\":\"fr-FR\",\"potentialAction\":[{\"@type\":\"ReadAction\",\"target\":[\"https:\\\/\\\/labeilleardennaise.fr\\\/index.php\\\/liste-des-personnes-a-contacter-en-cas-dessaim\\\/\"]}]},{\"@type\":\"BreadcrumbList\",\"@id\":\"https:\\\/\\\/labeilleardennaise.fr\\\/index.php\\\/liste-des-personnes-a-contacter-en-cas-dessaim\\\/#breadcrumb\",\"itemListElement\":[{\"@type\":\"ListItem\",\"position\":1,\"name\":\"Accueil\",\"item\":\"https:\\\/\\\/labeilleardennaise.fr\\\/\"},{\"@type\":\"ListItem\",\"position\":2,\"name\":\"Retrait d&rsquo;essaim\"}]},{\"@type\":\"WebSite\",\"@id\":\"https:\\\/\\\/labeilleardennaise.fr\\\/#website\",\"url\":\"https:\\\/\\\/labeilleardennaise.fr\\\/\",\"name\":\"L'Abeille Ardennaise\",\"description\":\"Syndicat d\u00e9partemental d&#039;apiculture des Ardennes\",\"publisher\":{\"@id\":\"https:\\\/\\\/labeilleardennaise.fr\\\/#organization\"},\"potentialAction\":[{\"@type\":\"SearchAction\",\"target\":{\"@type\":\"EntryPoint\",\"urlTemplate\":\"https:\\\/\\\/labeilleardennaise.fr\\\/?s={search_term_string}\"},\"query-input\":{\"@type\":\"PropertyValueSpecification\",\"valueRequired\":true,\"valueName\":\"search_term_string\"}}],\"inLanguage\":\"fr-FR\"},{\"@type\":\"Organization\",\"@id\":\"https:\\\/\\\/labeilleardennaise.fr\\\/#organization\",\"name\":\"L'Abeille Ardennaise\",\"url\":\"https:\\\/\\\/labeilleardennaise.fr\\\/\",\"logo\":{\"@type\":\"ImageObject\",\"inLanguage\":\"fr-FR\",\"@id\":\"https:\\\/\\\/labeilleardennaise.fr\\\/#\\\/schema\\\/logo\\\/image\\\/\",\"url\":\"https:\\\/\\\/labeilleardennaise.fr\\\/wp-content\\\/uploads\\\/2021\\\/09\\\/aa2.png\",\"contentUrl\":\"https:\\\/\\\/labeilleardennaise.fr\\\/wp-content\\\/uploads\\\/2021\\\/09\\\/aa2.png\",\"width\":200,\"height\":200,\"caption\":\"L'Abeille Ardennaise\"},\"image\":{\"@id\":\"https:\\\/\\\/labeilleardennaise.fr\\\/#\\\/schema\\\/logo\\\/image\\\/\"}}]}<\/script>\n<!-- \/ Yoast SEO plugin. -->","yoast_head_json":{"title":"Retrait d'essaim - L&#039;Abeille Ardennaise","robots":{"index":"index","follow":"follow","max-snippet":"max-snippet:-1","max-image-preview":"max-image-preview:large","max-video-preview":"max-video-preview:-1"},"canonical":"https:\/\/labeilleardennaise.fr\/index.php\/liste-des-personnes-a-contacter-en-cas-dessaim\/","og_locale":"fr_FR","og_type":"article","og_title":"Retrait d'essaim - L&#039;Abeille Ardennaise","og_description":"Liste des personnes \u00e0 contacter en cas d&rsquo;essaim Nom Prenom Num\u00e9ro t\u00e9l\u00e9phone Secteur Landais Jerome 06 25 05 53 30 Floing ,Sedan, Illy,Saint m\u00e9nages HABAI Patrick 06 50 47 04 87 5 km autour de Wadelincourt Couaillier Philippe 06 69 73 16 54 Saint-Menges PONTONE Luigi 06 72 96 45 66 Villers sur Bar Lemaire [&hellip;]","og_url":"https:\/\/labeilleardennaise.fr\/index.php\/liste-des-personnes-a-contacter-en-cas-dessaim\/","og_site_name":"L&#039;Abeille Ardennaise","article_modified_time":"2026-05-06T13:04:08+00:00","twitter_card":"summary_large_image","twitter_misc":{"Dur\u00e9e de lecture estim\u00e9e":"1 minute"},"schema":{"@context":"https:\/\/schema.org","@graph":[{"@type":"WebPage","@id":"https:\/\/labeilleardennaise.fr\/index.php\/liste-des-personnes-a-contacter-en-cas-dessaim\/","url":"https:\/\/labeilleardennaise.fr\/index.php\/liste-des-personnes-a-contacter-en-cas-dessaim\/","name":"Retrait d'essaim - L&#039;Abeille Ardennaise","isPartOf":{"@id":"https:\/\/labeilleardennaise.fr\/#website"},"datePublished":"2026-05-06T12:25:44+00:00","dateModified":"2026-05-06T13:04:08+00:00","breadcrumb":{"@id":"https:\/\/labeilleardennaise.fr\/index.php\/liste-des-personnes-a-contacter-en-cas-dessaim\/#breadcrumb"},"inLanguage":"fr-FR","potentialAction":[{"@type":"ReadAction","target":["https:\/\/labeilleardennaise.fr\/index.php\/liste-des-personnes-a-contacter-en-cas-dessaim\/"]}]},{"@type":"BreadcrumbList","@id":"https:\/\/labeilleardennaise.fr\/index.php\/liste-des-personnes-a-contacter-en-cas-dessaim\/#breadcrumb","itemListElement":[{"@type":"ListItem","position":1,"name":"Accueil","item":"https:\/\/labeilleardennaise.fr\/"},{"@type":"ListItem","position":2,"name":"Retrait d&rsquo;essaim"}]},{"@type":"WebSite","@id":"https:\/\/labeilleardennaise.fr\/#website","url":"https:\/\/labeilleardennaise.fr\/","name":"L'Abeille Ardennaise","description":"Syndicat d\u00e9partemental d&#039;apiculture des Ardennes","publisher":{"@id":"https:\/\/labeilleardennaise.fr\/#organization"},"potentialAction":[{"@type":"SearchAction","target":{"@type":"EntryPoint","urlTemplate":"https:\/\/labeilleardennaise.fr\/?s={search_term_string}"},"query-input":{"@type":"PropertyValueSpecification","valueRequired":true,"valueName":"search_term_string"}}],"inLanguage":"fr-FR"},{"@type":"Organization","@id":"https:\/\/labeilleardennaise.fr\/#organization","name":"L'Abeille Ardennaise","url":"https:\/\/labeilleardennaise.fr\/","logo":{"@type":"ImageObject","inLanguage":"fr-FR","@id":"https:\/\/labeilleardennaise.fr\/#\/schema\/logo\/image\/","url":"https:\/\/labeilleardennaise.fr\/wp-content\/uploads\/2021\/09\/aa2.png","contentUrl":"https:\/\/labeilleardennaise.fr\/wp-content\/uploads\/2021\/09\/aa2.png","width":200,"height":200,"caption":"L'Abeille Ardennaise"},"image":{"@id":"https:\/\/labeilleardennaise.fr\/#\/schema\/logo\/image\/"}}]}},"_links":{"self":[{"href":"https:\/\/labeilleardennaise.fr\/index.php\/wp-json\/wp\/v2\/pages\/1019","targetHints":{"allow":["GET"]}}],"collection":[{"href":"https:\/\/labeilleardennaise.fr\/index.php\/wp-json\/wp\/v2\/pages"}],"about":[{"href":"https:\/\/labeilleardennaise.fr\/index.php\/wp-json\/wp\/v2\/types\/page"}],"author":[{"embeddable":true,"href":"https:\/\/labeilleardennaise.fr\/index.php\/wp-json\/wp\/v2\/users\/1"}],"replies":[{"embeddable":true,"href":"https:\/\/labeilleardennaise.fr\/index.php\/wp-json\/wp\/v2\/comments?post=1019"}],"version-history":[{"count":2,"href":"https:\/\/labeilleardennaise.fr\/index.php\/wp-json\/wp\/v2\/pages\/1019\/revisions"}],"predecessor-version":[{"id":1022,"href":"https:\/\/labeilleardennaise.fr\/index.php\/wp-json\/wp\/v2\/pages\/1019\/revisions\/1022"}],"wp:attachment":[{"href":"https:\/\/labeilleardennaise.fr\/index.php\/wp-json\/wp\/v2\/media?parent=1019"}],"curies":[{"name":"wp","href":"https:\/\/api.w.org\/{rel}","templated":true}]}}