{"id":267,"date":"2021-11-29T11:34:06","date_gmt":"2021-11-29T10:34:06","guid":{"rendered":"https:\/\/labeilleardennaise.fr\/?page_id=267"},"modified":"2025-12-26T11:37:14","modified_gmt":"2025-12-26T10:37:14","slug":"cire-a-faire-gaufrer","status":"publish","type":"page","link":"https:\/\/labeilleardennaise.fr\/index.php\/cire-a-faire-gaufrer\/","title":{"rendered":"Cire : achat et gaufrage"},"content":{"rendered":"\n<div id=\"main\">\n  <h3 class=\"text-danger text-center\">\n    LES COMMANDES DE CIRE : ACHAT ET GAUFRAGE SONT FERM\u00c9ES\n    <br>\n    R\u00c9OUVERTURE EN FIN D\u2019ANN\u00c9E, \u00c0 LA DATE DE LA PROCHAINE AG\n  <\/h3>\n  <!--h3 class=\"text-success text-center\">\n    LES COMMANDES DE CIRE : ACHAT ET GAUFRAGE POUR 2026 SONT OUVERTES\n    <br>\n    JUSQU\u2019AU 15 D\u00c9CEMBRE 2025 (PAIEMENT RE\u00c7U)\n  <\/h3-->\n<\/div>\n\n\n\n<p><strong>ACHAT -&gt; Cire gaufr\u00e9e DT : <mark style=\"background-color:rgba(0, 0, 0, 0)\" class=\"has-inline-color has-vivid-red-color\">22\u20ac \/ 10 feuilles<\/mark><br>GAUFRAGE -&gt; <mark style=\"background-color:rgba(0, 0, 0, 0)\" class=\"has-inline-color has-vivid-red-color\">3\u20ac \/ kg<\/mark><\/strong><\/p>\n\n\n\n<p>Pour les d\u00e9p\u00f4ts et le r\u00e8glement de la cire (achat et gaufrage), s&rsquo;adress\u00e9 au responsable \u00ab\u00a0Cire\u00a0\u00bb : voir <a href=\"https:\/\/labeilleardennaise.fr\/index.php\/contacts\/\">Contacts<\/a>.<\/p>\n\n\n\n<p class=\"has-text-align-center\"><strong><span style=\"background-color:rgba(0, 0, 0, 0)\" class=\"has-inline-color has-vivid-red-color\">Merci de bien vouloir prendre contact avec la personne avant de vous d\u00e9placer.<\/span><\/strong><\/p>\n\n\n\n<p>Pour le r\u00e8glement, de pr\u00e9f\u00e9rence, envoyer un ch\u00e8que au nom de \u00ab L\u2019Abeille Ardennaise \u00bb \u00e0 l\u2019adresse suivante :<\/p>\n\n\n\n<p class=\"has-text-align-center\"><strong>Patrick HABAI<\/strong><br>11, RUE ETADAN<br>08200 WADELINCOURT<br><strong>06 50 47 04 87<\/strong><\/p>\n","protected":false},"excerpt":{"rendered":"<p>LES COMMANDES DE CIRE : ACHAT ET GAUFRAGE SONT FERM\u00c9ES R\u00c9OUVERTURE EN FIN D\u2019ANN\u00c9E, \u00c0 LA DATE DE LA PROCHAINE AG ACHAT -&gt; Cire gaufr\u00e9e DT : 22\u20ac \/ 10 feuillesGAUFRAGE -&gt; 3\u20ac \/ kg Pour les d\u00e9p\u00f4ts et le r\u00e8glement de la cire (achat et gaufrage), s&rsquo;adress\u00e9 au responsable \u00ab\u00a0Cire\u00a0\u00bb : voir Contacts. Merci [&hellip;]<\/p>\n","protected":false},"author":1,"featured_media":0,"parent":0,"menu_order":0,"comment_status":"closed","ping_status":"closed","template":"","meta":{"footnotes":""},"class_list":["post-267","page","type-page","status-publish","hentry"],"yoast_head":"<!-- This site is optimized with the Yoast SEO plugin v26.8 - https:\/\/yoast.com\/product\/yoast-seo-wordpress\/ -->\n<title>Cire : achat et gaufrage - L&#039;Abeille Ardennaise<\/title>\n<meta name=\"robots\" content=\"index, follow, max-snippet:-1, max-image-preview:large, max-video-preview:-1\" \/>\n<link rel=\"canonical\" href=\"https:\/\/labeilleardennaise.fr\/index.php\/cire-a-faire-gaufrer\/\" \/>\n<meta property=\"og:locale\" content=\"fr_FR\" \/>\n<meta property=\"og:type\" content=\"article\" \/>\n<meta property=\"og:title\" content=\"Cire : achat et gaufrage - L&#039;Abeille Ardennaise\" \/>\n<meta property=\"og:description\" content=\"LES COMMANDES DE CIRE : ACHAT ET GAUFRAGE SONT FERM\u00c9ES R\u00c9OUVERTURE EN FIN D\u2019ANN\u00c9E, \u00c0 LA DATE DE LA PROCHAINE AG ACHAT -&gt; Cire gaufr\u00e9e DT : 22\u20ac \/ 10 feuillesGAUFRAGE -&gt; 3\u20ac \/ kg Pour les d\u00e9p\u00f4ts et le r\u00e8glement de la cire (achat et gaufrage), s&rsquo;adress\u00e9 au responsable \u00ab\u00a0Cire\u00a0\u00bb : voir Contacts. Merci [&hellip;]\" \/>\n<meta property=\"og:url\" content=\"https:\/\/labeilleardennaise.fr\/index.php\/cire-a-faire-gaufrer\/\" \/>\n<meta property=\"og:site_name\" content=\"L&#039;Abeille Ardennaise\" \/>\n<meta property=\"article:modified_time\" content=\"2025-12-26T10:37:14+00:00\" \/>\n<meta name=\"twitter:card\" content=\"summary_large_image\" \/>\n<meta name=\"twitter:label1\" content=\"Dur\u00e9e de lecture estim\u00e9e\" \/>\n\t<meta name=\"twitter:data1\" content=\"1 minute\" \/>\n<script type=\"application\/ld+json\" class=\"yoast-schema-graph\">{\"@context\":\"https:\/\/schema.org\",\"@graph\":[{\"@type\":\"WebPage\",\"@id\":\"https:\/\/labeilleardennaise.fr\/index.php\/cire-a-faire-gaufrer\/\",\"url\":\"https:\/\/labeilleardennaise.fr\/index.php\/cire-a-faire-gaufrer\/\",\"name\":\"Cire : achat et gaufrage - L&#039;Abeille Ardennaise\",\"isPartOf\":{\"@id\":\"https:\/\/labeilleardennaise.fr\/#website\"},\"datePublished\":\"2021-11-29T10:34:06+00:00\",\"dateModified\":\"2025-12-26T10:37:14+00:00\",\"breadcrumb\":{\"@id\":\"https:\/\/labeilleardennaise.fr\/index.php\/cire-a-faire-gaufrer\/#breadcrumb\"},\"inLanguage\":\"fr-FR\",\"potentialAction\":[{\"@type\":\"ReadAction\",\"target\":[\"https:\/\/labeilleardennaise.fr\/index.php\/cire-a-faire-gaufrer\/\"]}]},{\"@type\":\"BreadcrumbList\",\"@id\":\"https:\/\/labeilleardennaise.fr\/index.php\/cire-a-faire-gaufrer\/#breadcrumb\",\"itemListElement\":[{\"@type\":\"ListItem\",\"position\":1,\"name\":\"Accueil\",\"item\":\"https:\/\/labeilleardennaise.fr\/\"},{\"@type\":\"ListItem\",\"position\":2,\"name\":\"Cire : achat et gaufrage\"}]},{\"@type\":\"WebSite\",\"@id\":\"https:\/\/labeilleardennaise.fr\/#website\",\"url\":\"https:\/\/labeilleardennaise.fr\/\",\"name\":\"L'Abeille Ardennaise\",\"description\":\"Syndicat d\u00e9partemental d&#039;apiculture des Ardennes\",\"publisher\":{\"@id\":\"https:\/\/labeilleardennaise.fr\/#organization\"},\"potentialAction\":[{\"@type\":\"SearchAction\",\"target\":{\"@type\":\"EntryPoint\",\"urlTemplate\":\"https:\/\/labeilleardennaise.fr\/?s={search_term_string}\"},\"query-input\":{\"@type\":\"PropertyValueSpecification\",\"valueRequired\":true,\"valueName\":\"search_term_string\"}}],\"inLanguage\":\"fr-FR\"},{\"@type\":\"Organization\",\"@id\":\"https:\/\/labeilleardennaise.fr\/#organization\",\"name\":\"L'Abeille Ardennaise\",\"url\":\"https:\/\/labeilleardennaise.fr\/\",\"logo\":{\"@type\":\"ImageObject\",\"inLanguage\":\"fr-FR\",\"@id\":\"https:\/\/labeilleardennaise.fr\/#\/schema\/logo\/image\/\",\"url\":\"https:\/\/labeilleardennaise.fr\/wp-content\/uploads\/2021\/09\/aa2.png\",\"contentUrl\":\"https:\/\/labeilleardennaise.fr\/wp-content\/uploads\/2021\/09\/aa2.png\",\"width\":200,\"height\":200,\"caption\":\"L'Abeille Ardennaise\"},\"image\":{\"@id\":\"https:\/\/labeilleardennaise.fr\/#\/schema\/logo\/image\/\"}}]}<\/script>\n<!-- \/ Yoast SEO plugin. -->","yoast_head_json":{"title":"Cire : achat et gaufrage - L&#039;Abeille Ardennaise","robots":{"index":"index","follow":"follow","max-snippet":"max-snippet:-1","max-image-preview":"max-image-preview:large","max-video-preview":"max-video-preview:-1"},"canonical":"https:\/\/labeilleardennaise.fr\/index.php\/cire-a-faire-gaufrer\/","og_locale":"fr_FR","og_type":"article","og_title":"Cire : achat et gaufrage - L&#039;Abeille Ardennaise","og_description":"LES COMMANDES DE CIRE : ACHAT ET GAUFRAGE SONT FERM\u00c9ES R\u00c9OUVERTURE EN FIN D\u2019ANN\u00c9E, \u00c0 LA DATE DE LA PROCHAINE AG ACHAT -&gt; Cire gaufr\u00e9e DT : 22\u20ac \/ 10 feuillesGAUFRAGE -&gt; 3\u20ac \/ kg Pour les d\u00e9p\u00f4ts et le r\u00e8glement de la cire (achat et gaufrage), s&rsquo;adress\u00e9 au responsable \u00ab\u00a0Cire\u00a0\u00bb : voir Contacts. Merci [&hellip;]","og_url":"https:\/\/labeilleardennaise.fr\/index.php\/cire-a-faire-gaufrer\/","og_site_name":"L&#039;Abeille Ardennaise","article_modified_time":"2025-12-26T10:37:14+00:00","twitter_card":"summary_large_image","twitter_misc":{"Dur\u00e9e de lecture estim\u00e9e":"1 minute"},"schema":{"@context":"https:\/\/schema.org","@graph":[{"@type":"WebPage","@id":"https:\/\/labeilleardennaise.fr\/index.php\/cire-a-faire-gaufrer\/","url":"https:\/\/labeilleardennaise.fr\/index.php\/cire-a-faire-gaufrer\/","name":"Cire : achat et gaufrage - L&#039;Abeille Ardennaise","isPartOf":{"@id":"https:\/\/labeilleardennaise.fr\/#website"},"datePublished":"2021-11-29T10:34:06+00:00","dateModified":"2025-12-26T10:37:14+00:00","breadcrumb":{"@id":"https:\/\/labeilleardennaise.fr\/index.php\/cire-a-faire-gaufrer\/#breadcrumb"},"inLanguage":"fr-FR","potentialAction":[{"@type":"ReadAction","target":["https:\/\/labeilleardennaise.fr\/index.php\/cire-a-faire-gaufrer\/"]}]},{"@type":"BreadcrumbList","@id":"https:\/\/labeilleardennaise.fr\/index.php\/cire-a-faire-gaufrer\/#breadcrumb","itemListElement":[{"@type":"ListItem","position":1,"name":"Accueil","item":"https:\/\/labeilleardennaise.fr\/"},{"@type":"ListItem","position":2,"name":"Cire : achat et gaufrage"}]},{"@type":"WebSite","@id":"https:\/\/labeilleardennaise.fr\/#website","url":"https:\/\/labeilleardennaise.fr\/","name":"L'Abeille Ardennaise","description":"Syndicat d\u00e9partemental d&#039;apiculture des Ardennes","publisher":{"@id":"https:\/\/labeilleardennaise.fr\/#organization"},"potentialAction":[{"@type":"SearchAction","target":{"@type":"EntryPoint","urlTemplate":"https:\/\/labeilleardennaise.fr\/?s={search_term_string}"},"query-input":{"@type":"PropertyValueSpecification","valueRequired":true,"valueName":"search_term_string"}}],"inLanguage":"fr-FR"},{"@type":"Organization","@id":"https:\/\/labeilleardennaise.fr\/#organization","name":"L'Abeille Ardennaise","url":"https:\/\/labeilleardennaise.fr\/","logo":{"@type":"ImageObject","inLanguage":"fr-FR","@id":"https:\/\/labeilleardennaise.fr\/#\/schema\/logo\/image\/","url":"https:\/\/labeilleardennaise.fr\/wp-content\/uploads\/2021\/09\/aa2.png","contentUrl":"https:\/\/labeilleardennaise.fr\/wp-content\/uploads\/2021\/09\/aa2.png","width":200,"height":200,"caption":"L'Abeille Ardennaise"},"image":{"@id":"https:\/\/labeilleardennaise.fr\/#\/schema\/logo\/image\/"}}]}},"_links":{"self":[{"href":"https:\/\/labeilleardennaise.fr\/index.php\/wp-json\/wp\/v2\/pages\/267","targetHints":{"allow":["GET"]}}],"collection":[{"href":"https:\/\/labeilleardennaise.fr\/index.php\/wp-json\/wp\/v2\/pages"}],"about":[{"href":"https:\/\/labeilleardennaise.fr\/index.php\/wp-json\/wp\/v2\/types\/page"}],"author":[{"embeddable":true,"href":"https:\/\/labeilleardennaise.fr\/index.php\/wp-json\/wp\/v2\/users\/1"}],"replies":[{"embeddable":true,"href":"https:\/\/labeilleardennaise.fr\/index.php\/wp-json\/wp\/v2\/comments?post=267"}],"version-history":[{"count":54,"href":"https:\/\/labeilleardennaise.fr\/index.php\/wp-json\/wp\/v2\/pages\/267\/revisions"}],"predecessor-version":[{"id":1014,"href":"https:\/\/labeilleardennaise.fr\/index.php\/wp-json\/wp\/v2\/pages\/267\/revisions\/1014"}],"wp:attachment":[{"href":"https:\/\/labeilleardennaise.fr\/index.php\/wp-json\/wp\/v2\/media?parent=267"}],"curies":[{"name":"wp","href":"https:\/\/api.w.org\/{rel}","templated":true}]}}