{"id":299,"date":"2021-12-03T11:06:36","date_gmt":"2021-12-03T10:06:36","guid":{"rendered":"https:\/\/labeilleardennaise.fr\/?page_id=299"},"modified":"2021-12-17T15:21:27","modified_gmt":"2021-12-17T14:21:27","slug":"declaration","status":"publish","type":"page","link":"https:\/\/labeilleardennaise.fr\/index.php\/declaration\/","title":{"rendered":"D\u00e9claration"},"content":{"rendered":"\n<p>Tout apiculteur est tenu de d\u00e9clarer chaque ann\u00e9e entre le 1er septembre et le 31 d\u00e9cembre les colonies d\u2019abeilles dont il est propri\u00e9taire ou d\u00e9tenteur, en pr\u00e9cisant notamment leur nombre et leurs emplacements. Toute colonie doit \u00eatre d\u00e9clar\u00e9e, quelle que soit sa taille (en ruches, ruchettes, ruchettes de f\u00e9condation\/nuclei). Cette d\u00e9claration concourt \u00e0 une meilleure connaissance du cheptel apicole fran\u00e7ais et participe \u00e0 sa gestion sanitaire, notamment face \u00e0 la menace que repr\u00e9sente le parasite Aethina tumida. Elle permet \u00e9galement d\u2019obtenir des aides europ\u00e9ennes dans le cadre du Plan apicole europ\u00e9en qui soutient la r\u00e9alisation d\u2019actions en faveur de la fili\u00e8re apicole fran\u00e7aise.<\/p>\n\n\n\n<p><\/p>\n\n\n\n<p>Toutes les informations sont disponible ici : <a href=\"https:\/\/www.mesdemarches.agriculture.gouv.fr\/demarches\/particulier\/effectuer-une-declaration-55\/article\/declarer-des-ruches?id_rubrique=55\">https:\/\/www.mesdemarches.agriculture.gouv.fr\/demarches\/particulier\/effectuer-une-declaration-55\/article\/declarer-des-ruches?id_rubrique=55<\/a><\/p>\n\n\n\n<p><\/p>\n\n\n\n<p><strong>R\u00e9c\u00e9piss\u00e9 de d\u00e9claration de ruches<\/strong><\/p>\n\n\n\n<ul class=\"wp-block-list\"><li>Le r\u00e9c\u00e9piss\u00e9 de d\u00e9claration de ruches comporte votre num\u00e9ro d&rsquo;apiculteur (NAPI). Ce num\u00e9ro, \u00e0 conserver, vous servira pour vos contacts avec l&rsquo;Administration, mais aussi pour identifier vos ruches et ruches sur le terrain. En effet, le num\u00e9ro d&rsquo;apiculteur (NAPI) doit \u00eatre affich\u00e9 au rucher sur au moins 10% des ruches ou sur un panneau plac\u00e9 \u00e0 proximit\u00e9. Les chiffres doivent avoir une taille minimum de 8 cm de hauteur et 5 cm de largeur. Cependant si toutes les ruches sont identifi\u00e9es, la hauteur des caract\u00e8res peut \u00eatre limit\u00e9e \u00e0 3 cm (arr\u00eat\u00e9 du 11 ao\u00fbt 1980).<\/li><li>Si le traitement de votre d\u00e9claration n\u00e9cessite des informations compl\u00e9mentaires, le Minist\u00e8re de l&rsquo;Agriculture et de l&rsquo;Alimentationvous contactera \u00e0 cet effet.<\/li><li>Si vous avez r\u00e9alis\u00e9 votre d\u00e9claration de ruches du 1er janvier au 31 ao\u00fbt, veuillez noter que vous devrez renouveler votre d\u00e9claration en p\u00e9riode obligatoire : du 1er septembre au 31 d\u00e9cembre de la m\u00eame ann\u00e9e.<\/li><\/ul>\n\n\n\n<p><\/p>\n\n\n\n<p>Cahier de miellerie :<\/p>\n\n\n\n<div data-wp-interactive=\"core\/file\" class=\"wp-block-file\"><object data-wp-bind--hidden=\"!state.hasPdfPreview\" hidden class=\"wp-block-file__embed\" data=\"https:\/\/labeilleardennaise.fr\/wp-content\/uploads\/2021\/12\/cahier-de-miellerie.pdf\" type=\"application\/pdf\" style=\"width:100%;height:600px\" aria-label=\"Contenu embarqu\u00e9 Contenu embarqu\u00e9 cahier-de-miellerie..\"><\/object><a href=\"https:\/\/labeilleardennaise.fr\/wp-content\/uploads\/2021\/12\/cahier-de-miellerie.pdf\">cahier-de-miellerie<\/a><a href=\"https:\/\/labeilleardennaise.fr\/wp-content\/uploads\/2021\/12\/cahier-de-miellerie.pdf\" class=\"wp-block-file__button\" download>T\u00e9l\u00e9charger<\/a><\/div>\n\n\n\n<p><\/p>\n\n\n\n<p>Registre d&rsquo;\u00e9levage :<\/p>\n\n\n\n<div data-wp-interactive=\"core\/file\" class=\"wp-block-file\"><object data-wp-bind--hidden=\"!state.hasPdfPreview\" hidden class=\"wp-block-file__embed\" data=\"https:\/\/labeilleardennaise.fr\/wp-content\/uploads\/2021\/12\/registre-elevage.pdf\" type=\"application\/pdf\" style=\"width:100%;height:600px\" aria-label=\"Contenu embarqu\u00e9 Contenu embarqu\u00e9 registre-elevage..\"><\/object><a href=\"https:\/\/labeilleardennaise.fr\/wp-content\/uploads\/2021\/12\/registre-elevage.pdf\">registre-elevage<\/a><a href=\"https:\/\/labeilleardennaise.fr\/wp-content\/uploads\/2021\/12\/registre-elevage.pdf\" class=\"wp-block-file__button\" download>T\u00e9l\u00e9charger<\/a><\/div>\n\n\n\n<p><\/p>\n","protected":false},"excerpt":{"rendered":"<p>Tout apiculteur est tenu de d\u00e9clarer chaque ann\u00e9e entre le 1er septembre et le 31 d\u00e9cembre les colonies d\u2019abeilles dont il est propri\u00e9taire ou d\u00e9tenteur, en pr\u00e9cisant notamment leur nombre et leurs emplacements. Toute colonie doit \u00eatre d\u00e9clar\u00e9e, quelle que soit sa taille (en ruches, ruchettes, ruchettes de f\u00e9condation\/nuclei). Cette d\u00e9claration concourt \u00e0 une meilleure [&hellip;]<\/p>\n","protected":false},"author":1,"featured_media":0,"parent":0,"menu_order":0,"comment_status":"closed","ping_status":"closed","template":"","meta":{"footnotes":""},"class_list":["post-299","page","type-page","status-publish","hentry"],"yoast_head":"<!-- This site is optimized with the Yoast SEO plugin v27.5 - https:\/\/yoast.com\/product\/yoast-seo-wordpress\/ -->\n<title>D\u00e9claration - L&#039;Abeille Ardennaise<\/title>\n<meta name=\"robots\" content=\"index, follow, max-snippet:-1, max-image-preview:large, max-video-preview:-1\" \/>\n<link rel=\"canonical\" href=\"https:\/\/labeilleardennaise.fr\/index.php\/declaration\/\" \/>\n<meta property=\"og:locale\" content=\"fr_FR\" \/>\n<meta property=\"og:type\" content=\"article\" \/>\n<meta property=\"og:title\" content=\"D\u00e9claration - L&#039;Abeille Ardennaise\" \/>\n<meta property=\"og:description\" content=\"Tout apiculteur est tenu de d\u00e9clarer chaque ann\u00e9e entre le 1er septembre et le 31 d\u00e9cembre les colonies d\u2019abeilles dont il est propri\u00e9taire ou d\u00e9tenteur, en pr\u00e9cisant notamment leur nombre et leurs emplacements. Toute colonie doit \u00eatre d\u00e9clar\u00e9e, quelle que soit sa taille (en ruches, ruchettes, ruchettes de f\u00e9condation\/nuclei). Cette d\u00e9claration concourt \u00e0 une meilleure [&hellip;]\" \/>\n<meta property=\"og:url\" content=\"https:\/\/labeilleardennaise.fr\/index.php\/declaration\/\" \/>\n<meta property=\"og:site_name\" content=\"L&#039;Abeille Ardennaise\" \/>\n<meta property=\"article:modified_time\" content=\"2021-12-17T14:21:27+00:00\" \/>\n<meta name=\"twitter:card\" content=\"summary_large_image\" \/>\n<meta name=\"twitter:label1\" content=\"Dur\u00e9e de lecture estim\u00e9e\" \/>\n\t<meta name=\"twitter:data1\" content=\"2 minutes\" \/>\n<script type=\"application\/ld+json\" class=\"yoast-schema-graph\">{\"@context\":\"https:\\\/\\\/schema.org\",\"@graph\":[{\"@type\":\"WebPage\",\"@id\":\"https:\\\/\\\/labeilleardennaise.fr\\\/index.php\\\/declaration\\\/\",\"url\":\"https:\\\/\\\/labeilleardennaise.fr\\\/index.php\\\/declaration\\\/\",\"name\":\"D\u00e9claration - L&#039;Abeille Ardennaise\",\"isPartOf\":{\"@id\":\"https:\\\/\\\/labeilleardennaise.fr\\\/#website\"},\"datePublished\":\"2021-12-03T10:06:36+00:00\",\"dateModified\":\"2021-12-17T14:21:27+00:00\",\"breadcrumb\":{\"@id\":\"https:\\\/\\\/labeilleardennaise.fr\\\/index.php\\\/declaration\\\/#breadcrumb\"},\"inLanguage\":\"fr-FR\",\"potentialAction\":[{\"@type\":\"ReadAction\",\"target\":[\"https:\\\/\\\/labeilleardennaise.fr\\\/index.php\\\/declaration\\\/\"]}]},{\"@type\":\"BreadcrumbList\",\"@id\":\"https:\\\/\\\/labeilleardennaise.fr\\\/index.php\\\/declaration\\\/#breadcrumb\",\"itemListElement\":[{\"@type\":\"ListItem\",\"position\":1,\"name\":\"Accueil\",\"item\":\"https:\\\/\\\/labeilleardennaise.fr\\\/\"},{\"@type\":\"ListItem\",\"position\":2,\"name\":\"D\u00e9claration\"}]},{\"@type\":\"WebSite\",\"@id\":\"https:\\\/\\\/labeilleardennaise.fr\\\/#website\",\"url\":\"https:\\\/\\\/labeilleardennaise.fr\\\/\",\"name\":\"L'Abeille Ardennaise\",\"description\":\"Syndicat d\u00e9partemental d&#039;apiculture des Ardennes\",\"publisher\":{\"@id\":\"https:\\\/\\\/labeilleardennaise.fr\\\/#organization\"},\"potentialAction\":[{\"@type\":\"SearchAction\",\"target\":{\"@type\":\"EntryPoint\",\"urlTemplate\":\"https:\\\/\\\/labeilleardennaise.fr\\\/?s={search_term_string}\"},\"query-input\":{\"@type\":\"PropertyValueSpecification\",\"valueRequired\":true,\"valueName\":\"search_term_string\"}}],\"inLanguage\":\"fr-FR\"},{\"@type\":\"Organization\",\"@id\":\"https:\\\/\\\/labeilleardennaise.fr\\\/#organization\",\"name\":\"L'Abeille Ardennaise\",\"url\":\"https:\\\/\\\/labeilleardennaise.fr\\\/\",\"logo\":{\"@type\":\"ImageObject\",\"inLanguage\":\"fr-FR\",\"@id\":\"https:\\\/\\\/labeilleardennaise.fr\\\/#\\\/schema\\\/logo\\\/image\\\/\",\"url\":\"https:\\\/\\\/labeilleardennaise.fr\\\/wp-content\\\/uploads\\\/2021\\\/09\\\/aa2.png\",\"contentUrl\":\"https:\\\/\\\/labeilleardennaise.fr\\\/wp-content\\\/uploads\\\/2021\\\/09\\\/aa2.png\",\"width\":200,\"height\":200,\"caption\":\"L'Abeille Ardennaise\"},\"image\":{\"@id\":\"https:\\\/\\\/labeilleardennaise.fr\\\/#\\\/schema\\\/logo\\\/image\\\/\"}}]}<\/script>\n<!-- \/ Yoast SEO plugin. -->","yoast_head_json":{"title":"D\u00e9claration - L&#039;Abeille Ardennaise","robots":{"index":"index","follow":"follow","max-snippet":"max-snippet:-1","max-image-preview":"max-image-preview:large","max-video-preview":"max-video-preview:-1"},"canonical":"https:\/\/labeilleardennaise.fr\/index.php\/declaration\/","og_locale":"fr_FR","og_type":"article","og_title":"D\u00e9claration - L&#039;Abeille Ardennaise","og_description":"Tout apiculteur est tenu de d\u00e9clarer chaque ann\u00e9e entre le 1er septembre et le 31 d\u00e9cembre les colonies d\u2019abeilles dont il est propri\u00e9taire ou d\u00e9tenteur, en pr\u00e9cisant notamment leur nombre et leurs emplacements. Toute colonie doit \u00eatre d\u00e9clar\u00e9e, quelle que soit sa taille (en ruches, ruchettes, ruchettes de f\u00e9condation\/nuclei). Cette d\u00e9claration concourt \u00e0 une meilleure [&hellip;]","og_url":"https:\/\/labeilleardennaise.fr\/index.php\/declaration\/","og_site_name":"L&#039;Abeille Ardennaise","article_modified_time":"2021-12-17T14:21:27+00:00","twitter_card":"summary_large_image","twitter_misc":{"Dur\u00e9e de lecture estim\u00e9e":"2 minutes"},"schema":{"@context":"https:\/\/schema.org","@graph":[{"@type":"WebPage","@id":"https:\/\/labeilleardennaise.fr\/index.php\/declaration\/","url":"https:\/\/labeilleardennaise.fr\/index.php\/declaration\/","name":"D\u00e9claration - L&#039;Abeille Ardennaise","isPartOf":{"@id":"https:\/\/labeilleardennaise.fr\/#website"},"datePublished":"2021-12-03T10:06:36+00:00","dateModified":"2021-12-17T14:21:27+00:00","breadcrumb":{"@id":"https:\/\/labeilleardennaise.fr\/index.php\/declaration\/#breadcrumb"},"inLanguage":"fr-FR","potentialAction":[{"@type":"ReadAction","target":["https:\/\/labeilleardennaise.fr\/index.php\/declaration\/"]}]},{"@type":"BreadcrumbList","@id":"https:\/\/labeilleardennaise.fr\/index.php\/declaration\/#breadcrumb","itemListElement":[{"@type":"ListItem","position":1,"name":"Accueil","item":"https:\/\/labeilleardennaise.fr\/"},{"@type":"ListItem","position":2,"name":"D\u00e9claration"}]},{"@type":"WebSite","@id":"https:\/\/labeilleardennaise.fr\/#website","url":"https:\/\/labeilleardennaise.fr\/","name":"L'Abeille Ardennaise","description":"Syndicat d\u00e9partemental d&#039;apiculture des Ardennes","publisher":{"@id":"https:\/\/labeilleardennaise.fr\/#organization"},"potentialAction":[{"@type":"SearchAction","target":{"@type":"EntryPoint","urlTemplate":"https:\/\/labeilleardennaise.fr\/?s={search_term_string}"},"query-input":{"@type":"PropertyValueSpecification","valueRequired":true,"valueName":"search_term_string"}}],"inLanguage":"fr-FR"},{"@type":"Organization","@id":"https:\/\/labeilleardennaise.fr\/#organization","name":"L'Abeille Ardennaise","url":"https:\/\/labeilleardennaise.fr\/","logo":{"@type":"ImageObject","inLanguage":"fr-FR","@id":"https:\/\/labeilleardennaise.fr\/#\/schema\/logo\/image\/","url":"https:\/\/labeilleardennaise.fr\/wp-content\/uploads\/2021\/09\/aa2.png","contentUrl":"https:\/\/labeilleardennaise.fr\/wp-content\/uploads\/2021\/09\/aa2.png","width":200,"height":200,"caption":"L'Abeille Ardennaise"},"image":{"@id":"https:\/\/labeilleardennaise.fr\/#\/schema\/logo\/image\/"}}]}},"_links":{"self":[{"href":"https:\/\/labeilleardennaise.fr\/index.php\/wp-json\/wp\/v2\/pages\/299","targetHints":{"allow":["GET"]}}],"collection":[{"href":"https:\/\/labeilleardennaise.fr\/index.php\/wp-json\/wp\/v2\/pages"}],"about":[{"href":"https:\/\/labeilleardennaise.fr\/index.php\/wp-json\/wp\/v2\/types\/page"}],"author":[{"embeddable":true,"href":"https:\/\/labeilleardennaise.fr\/index.php\/wp-json\/wp\/v2\/users\/1"}],"replies":[{"embeddable":true,"href":"https:\/\/labeilleardennaise.fr\/index.php\/wp-json\/wp\/v2\/comments?post=299"}],"version-history":[{"count":5,"href":"https:\/\/labeilleardennaise.fr\/index.php\/wp-json\/wp\/v2\/pages\/299\/revisions"}],"predecessor-version":[{"id":363,"href":"https:\/\/labeilleardennaise.fr\/index.php\/wp-json\/wp\/v2\/pages\/299\/revisions\/363"}],"wp:attachment":[{"href":"https:\/\/labeilleardennaise.fr\/index.php\/wp-json\/wp\/v2\/media?parent=299"}],"curies":[{"name":"wp","href":"https:\/\/api.w.org\/{rel}","templated":true}]}}