{"id":31,"date":"2021-09-25T10:03:58","date_gmt":"2021-09-25T08:03:58","guid":{"rendered":"https:\/\/labeilleardennaise.fr\/?page_id=31"},"modified":"2021-12-09T16:36:35","modified_gmt":"2021-12-09T15:36:35","slug":"presentation","status":"publish","type":"page","link":"https:\/\/labeilleardennaise.fr\/index.php\/presentation\/","title":{"rendered":"Pr\u00e9sentation"},"content":{"rendered":"\n<p><strong>L&rsquo;Abeille Ardennaise est le syndicat d\u00e9partemental d&rsquo;apiculture des Ardennes<\/strong>.<br><br><strong>Le syndicat d&rsquo;apiculture des Ardennes repr\u00e9sente les apiculteurs Ardennais au sein du syndicat national d&rsquo;apiculture (SNA).<\/strong><br><br><strong>Depuis novembre 2021, l&rsquo;organisation du syndicat ne comprend d\u00e9sormais plus qu&rsquo;un bureau principal.<br><\/strong><br><strong>Pour adh\u00e9rer au syndicat il faut :<\/strong><br><strong>&#8211; Soit remplir le formulaire <meta charset=\"utf-8\"><strong>d&rsquo;adh\u00e9sion<\/strong><\/strong> <strong>en ligne : <a href=\"https:\/\/labeilleardennaise.fr\/index.php\/adhesion\">Adh\u00e9sion<\/a><\/strong><br><strong>&#8211; Soit remplir le formulaire d&rsquo;adh\u00e9sion papier et l&rsquo;envoyer \u00e0 votre d\u00e9l\u00e9gu\u00e9 de secteur le plus proche de votre domicile<\/strong><br><br><strong>L&rsquo;adh\u00e9sion \u00e0 l&rsquo;Abeille Ardennaise permet de b\u00e9n\u00e9ficier de tarifs pr\u00e9f\u00e9rentiels au niveau des assurances, de recevoir la revue \u00ab\u00a0l&rsquo;Abeille de France\u00a0\u00bb, de b\u00e9n\u00e9ficier de pr\u00eats de mat\u00e9riels, de b\u00e9n\u00e9ficier de prix de gros sur les mat\u00e9riels ou produits de la ruche (exemple pour 2017 la ruche compl\u00e8te avec une hausse cadres fil\u00e9s environ 70.00\u20ac) et de b\u00e9n\u00e9ficier si les pouvoirs publics le d\u00e9cident de subventions exceptionnelles.<\/strong><br><br><strong>Chaque fin d&rsquo;ann\u00e9e et avant le 31 d\u00e9cembre, vous pouvez commander du mat\u00e9riel par l&rsquo;interm\u00e9diaire des achats group\u00e9s.<\/strong><br><br><strong>Une assembl\u00e9e g\u00e9n\u00e9rale regroupe tous les membres chaque ann\u00e9e.<\/strong><\/p>\n\n\n\n<p><\/p>\n\n\n\n<p class=\"has-text-align-center\"><strong>&#8212;&#8211;L\u2019ABEILLE ARDENNAISE&#8212;&#8211;<\/strong><strong><\/strong><\/p>\n\n\n\n<p class=\"has-text-align-center\"><strong>Affili\u00e9 SYNDICAT NATIONAL d\u2019APICULTURE<\/strong><strong><\/strong><\/p>\n\n\n\n<p class=\"has-text-align-center\"><strong>(N\u00b0 134)<\/strong><\/p>\n\n\n\n<p><strong><u>STATUTS<\/u><\/strong><strong><\/strong><\/p>\n\n\n\n<p>ARTICLE 1<\/p>\n\n\n\n<p>Conform\u00e9ment au vote par l\u2019assembl\u00e9e g\u00e9n\u00e9rale du 7 aout 1938, le syndicat apicole fond\u00e9 le 23 d\u00e9cembre 1906, remplac\u00e9 par la Soci\u00e9t\u00e9 D\u00e9partementale d\u2019Apiculture L\u2019ABEILLE ARDENNAISE en vertu d\u2019un vote de l\u2019assembl\u00e9e g\u00e9n\u00e9rale du 11 d\u00e9cembre 1919.<\/p>\n\n\n\n<p>Deviens syndicat apicole : syndicat des apiculteurs des Ardennes, r\u00e9gi par les lois du 21 mars 1884, du 12 mars 1920 et du 25 f\u00e9vrier 1927.<\/p>\n\n\n\n<p>Le syndicat prend le titre de&nbsp;:<\/p>\n\n\n\n<p>\u00ab&nbsp;L\u2019ABEILLE ARDENNAISE&nbsp;\u00bb<\/p>\n\n\n\n<p>Son si\u00e8ge administratif est fix\u00e9 en fonction du lieu de r\u00e9sidence du pr\u00e9sident en exercice.<\/p>\n\n\n\n<p>ARTICLE 2<\/p>\n\n\n\n<p>Le syndicat a pour but :<\/p>\n\n\n\n<p>1- La d\u00e9fense de l\u2019apiculture, les apiculteurs en liaison avec le syndicat national.<\/p>\n\n\n\n<p>2- L\u2019extension et l\u2019am\u00e9lioration de la culture des abeilles par la diffusion des m\u00e9thodes qui la rendent plus rationnelle et plus avantageuse.<\/p>\n\n\n\n<p>3- L\u2019\u00e9coulement plus facile et plus r\u00e9mun\u00e9rateur des produits du rucher.<\/p>\n\n\n\n<p>4- La vulgarisation, dans l\u2019int\u00e9r\u00eat du consommateur autant que du producteur, de l\u2019usage dans la famille du miel et ses d\u00e9riv\u00e9es.<\/p>\n\n\n\n<p>5- La r\u00e9pression des falsifications des produits de l\u2019abeille.<\/p>\n\n\n\n<p>ARTICLE 3<\/p>\n\n\n\n<p>Il poursuit son but par les moyens suivant : r\u00e9unions, conf\u00e9rences th\u00e9oriques et pratiques, participation aux concours, r\u00e9compenses aux exposants, propagande par le livre et les p\u00e9riodiques apicoles, site internet et par tous autres moyens sugg\u00e9r\u00e9s par l\u2019exp\u00e9rience.<\/p>\n\n\n\n<p>ARTICLE 4<\/p>\n\n\n\n<p>Le syndicat se compose de membres actifs \u00e0 jour de leurs cotisations, d\u00e9nomm\u00e9s par la suite \u00ab&nbsp;syndiqu\u00e9s&nbsp;\u00bb<\/p>\n\n\n\n<p>Les syndiqu\u00e9s volontaires pourront se pr\u00e9senter lors de l\u2019assembl\u00e9e g\u00e9n\u00e9rale \u00e0 un des postes du comit\u00e9 de direction (ARTICLE 5), ils y seront \u00e9lus lors de cette assembl\u00e9e pour 3 ans.<\/p>\n\n\n\n<p>Sous la responsabilit\u00e9 du pr\u00e9sident, chacun devra se conformer aux pr\u00e9sents statuts.<\/p>\n\n\n\n<p>ARTICLE 5<\/p>\n\n\n\n<p>Le syndicat est dirig\u00e9 par un comit\u00e9 de direction, qui se compose de membres \u00e9lus (ARTICLE 4).<\/p>\n\n\n\n<p>Les postes qui le composent sont les suivantes&nbsp;:<\/p>\n\n\n\n<p>Pr\u00e9sident, vice-pr\u00e9sident, tr\u00e9sorier, vice-tr\u00e9sorier, secr\u00e9taire, vice-secr\u00e9taire, ainsi que 4 d\u00e9l\u00e9gu\u00e9s repr\u00e9sentant le plus largement possible, les secteurs g\u00e9ographiques des Ardennes.<\/p>\n\n\n\n<p>ARTICLE 6<\/p>\n\n\n\n<p>Le comit\u00e9 de direction \u00e9lit son bureau tous les trois ans au scrutin secret.<\/p>\n\n\n\n<p>Le membre du comit\u00e9 qui ne pourra se rendre \u00e0 la r\u00e9union devra voter par correspondance sous double enveloppe ferm\u00e9e ou donner procuration au membre de son choix adress\u00e9 au pr\u00e9sident du syndicat en exercice avant le vote.<\/p>\n\n\n\n<p>ARTICLE 7<\/p>\n\n\n\n<p>Le bureau se compose d\u2019un pr\u00e9sident, qui prend le titre de Pr\u00e9sident de l\u2019ABEILLE ARDENNAISE, d\u2019un vice-pr\u00e9sident, d\u2019un secr\u00e9taire g\u00e9n\u00e9ral, d\u2019un tr\u00e9sorier. En cas de d\u00e9c\u00e8s ou de d\u00e9mission, le comit\u00e9 \u00e9lit un rempla\u00e7ant dans sa prochaine r\u00e9union ou dans une r\u00e9union provoqu\u00e9e \u00e0 cet effet (ARTICLE 6).<\/p>\n\n\n\n<p>ARTICLE 8<\/p>\n\n\n\n<p>Le comit\u00e9 de direction a pour mission :<\/p>\n\n\n\n<p>&#8211; D\u2019\u00e9tablir en cas de besoin un r\u00e8glement int\u00e9rieur qui pr\u00e9cise et affine l\u2019application des articles du statut.<\/p>\n\n\n\n<p>&#8211; D\u2019\u00e9tudier les propositions \u00e9mises.<\/p>\n\n\n\n<p>&#8211; De fixer le lieu et l\u2019heure des assembl\u00e9es g\u00e9n\u00e9rales et d\u2019en arr\u00eater l\u2019ordre du jour.<\/p>\n\n\n\n<p>&#8211; D\u2019\u00e9tablir au d\u00e9but de l\u2019ann\u00e9e, le budget des recettes et des d\u00e9penses qui sera soumis \u00e0 l\u2019approbation de l\u2019assembl\u00e9e g\u00e9n\u00e9rale.<\/p>\n\n\n\n<p>Le comit\u00e9 de direction agit, en toutes circonstances, dans l\u2019int\u00e9r\u00eat g\u00e9n\u00e9ral du syndicat.<\/p>\n\n\n\n<p>ARTICLE 9<\/p>\n\n\n\n<p>Le pr\u00e9sident est le repr\u00e9sentant officiel du syndicat aupr\u00e8s des pouvoirs publics et dans toutes les circonstances int\u00e9ressant le syndicat. Il pr\u00e9side les s\u00e9ances, dirige les d\u00e9lib\u00e9rations et fait le d\u00e9pouillement des v\u0153ux et communications diverses qui lui sont adress\u00e9s par le secr\u00e9taire.<\/p>\n\n\n\n<p>Le tr\u00e9sorier est charg\u00e9 des mouvements de fonds du Syndicat dans les limites du budget.<\/p>\n\n\n\n<p>Le secr\u00e9taire \u00e9crit les comptes-rendus des CA et AG et les rend disponibles aux membres du CA<\/p>\n\n\n\n<p>ARTICLE 10<\/p>\n\n\n\n<p>Chaque membre syndiqu\u00e9 doit payer son adh\u00e9sion par une cotisation fix\u00e9e annuellement par le comit\u00e9 de direction pour l\u2019ann\u00e9e suivante.<\/p>\n\n\n\n<p>Cette cotisation sera vers\u00e9e au tr\u00e9sorier int\u00e9gralement d\u00e9but janvier pour l\u2019ann\u00e9e en cours et d\u00e8s leur demande pour les nouveaux apiculteurs.<\/p>\n\n\n\n<p>ARTICLE 11<\/p>\n\n\n\n<p>Une cotisation sera aussi demand\u00e9e pour l\u2019adh\u00e9sion au Syndicat National d\u2019Apiculture, cotisation revers\u00e9e au SNA par le tr\u00e9sorier.<\/p>\n\n\n\n<p>ARTICLE 12<\/p>\n\n\n\n<p>Tout discours, toutes discussions ou publications politiques, religieuses ou autres, \u00e9trang\u00e8res \u00e0 l\u2019apiculture sont formellement interdites dans les assembl\u00e9es ou r\u00e9unions du syndicat.<\/p>\n\n\n\n<p>ARTICLES 13<\/p>\n\n\n\n<p>Tout syndiqu\u00e9 convaincu de fraudes, de falsifications ou dont l\u2019action est contraire \u00e0 l\u2019int\u00e9r\u00eat g\u00e9n\u00e9ral de l\u2019apiculture sera exclu du syndicat. L\u2019exclusion sera prononc\u00e9e apr\u00e8s enqu\u00eate et audition du syndiqu\u00e9 int\u00e9ress\u00e9, par le comit\u00e9 de direction.<\/p>\n\n\n\n<p>Le comit\u00e9 pourra \u00e9galement prononcer l\u2019exclusion temporaire du syndicat ou des concours pour fausses d\u00e9clarations, infractions aux statuts et r\u00e8glements, injures ou toutes autres causes pouvant porter atteinte \u00e0 la prosp\u00e9rit\u00e9 et \u00e0 la continuation du syndicat.<\/p>\n\n\n\n<p>Ces exclusions seront prononc\u00e9es par vote \u00e0 la majorit\u00e9 des membres pr\u00e9sents.<\/p>\n\n\n\n<p>En cas d\u2019\u00e9galit\u00e9, la voix du pr\u00e9sident est pr\u00e9pond\u00e9rante.<\/p>\n\n\n\n<p>ARTICLE 14<\/p>\n\n\n\n<p>L\u2019assembl\u00e9e g\u00e9n\u00e9rale se r\u00e9unira tous les ans, sur convocation du pr\u00e9sident. Si les circonstances l\u2019exigent et sur la demande \u00e9crite des deux tiers des membres du comit\u00e9 de direction, une assembl\u00e9e extraordinaire doit avoir lieu dans le d\u00e9lai d\u2019un mois.<\/p>\n\n\n\n<p>ARTICLE 15<\/p>\n\n\n\n<p>1 &#8211; Dans les assembl\u00e9es g\u00e9n\u00e9rales ordinaires ou extraordinaires, toutes les d\u00e9cisions prises sont valables \u00e0 la majorit\u00e9 des votants pr\u00e9sents. En cas d\u2019\u00e9galit\u00e9, la voix du pr\u00e9sident est pr\u00e9pond\u00e9rante.<\/p>\n\n\n\n<p>2 &#8211; La dissolution du syndicat ne pourra \u00eatre prononc\u00e9e que dans une assembl\u00e9e g\u00e9n\u00e9rale provoqu\u00e9e \u00e0 cet effet.<\/p>\n\n\n\n<p>La d\u00e9cision ferme de dissolution ne pourra \u00eatre prise qu\u2019apr\u00e8s avis favorable \u00e9mis par les trois quarts des membres pr\u00e9sents ayant particip\u00e9 au vote.<\/p>\n\n\n\n<p>ARTICLE 16<\/p>\n\n\n\n<p>Le syndicat pourra \u00eatre uni \u00e0 un ou plusieurs syndicats pour former une union, ainsi qu\u2019\u00e0 une ou plusieurs f\u00e9d\u00e9rations de syndicats. Il donne par les pr\u00e9sents statuts pleins pouvoirs au comit\u00e9 de direction pour faire \u00e0 cet effet les d\u00e9marches n\u00e9cessaires.<\/p>\n\n\n\n<p>La d\u00e9cision finale \u00e9tant soumise au vote des membres pr\u00e9sents lors d\u2019une assembl\u00e9e g\u00e9n\u00e9rale (ARTICLE 15-1).<\/p>\n\n\n\n<p>ARTICLE 17<\/p>\n\n\n\n<p>Le syndicat pourra n\u00e9gocier les conditions de vente et d\u2019achat des pots \u00ab&nbsp;MIEL des ARDENNES&nbsp;\u00bb ou autres, de mat\u00e9riels et fournitures n\u00e9cessaires \u00e0 la pratique de l\u2019apiculture et du gaufrage de la cire si les adh\u00e9rents en font la demande \u00e9crite sur le document pr\u00e9vu \u00e0 cet effet.<\/p>\n\n\n\n<p>ARTICLE 18<\/p>\n\n\n\n<p>Dans le cas o\u00f9 le syndicat serait dissous pour quelques causes que ce soit, les fonds de caisse, le mat\u00e9riel, les collections et tout ce qui se trouve lui appartenir apr\u00e8s liquidation de ses dettes, seront transmis aux autres associations apicoles du d\u00e9partement.<\/p>\n\n\n\n<p>ARTICLE 19<\/p>\n\n\n\n<p>Le comit\u00e9 de direction s\u2019autorise \u00e0 coopter un ou plusieurs assistants techniques de mani\u00e8re permanente ou occasionnelle.<\/p>\n\n\n\n<p>ARTICLE 20<\/p>\n\n\n\n<p>Toutes modifications ou adjonctions aux pr\u00e9sents statuts devront \u00eatre vot\u00e9es en assembl\u00e9e g\u00e9n\u00e9rale. (ARTICLE 15-1)<\/p>\n\n\n\n<p>ARTICLE 21<\/p>\n\n\n\n<p>Les pr\u00e9sents statuts ainsi que les modifications ou adjonctions qui pourraient y \u00eatre apport\u00e9es dans la suite seront d\u00e9pos\u00e9s en trois exemplaires, \u00e0 la Mairie du si\u00e8ge social (adresse du pr\u00e9sident) qui se chargera ensuite d\u2019en adresser un exemplaire \u00e0 la Pr\u00e9fecture des Ardennes et un exemplaire au Procureur de la R\u00e9publique, conform\u00e9ment \u00e0 la loi sur les syndicats.<\/p>\n\n\n\n<p>Adopt\u00e9s \u00e0 l\u2019assembl\u00e9e g\u00e9n\u00e9rale de \u00c9cordal le 27 novembre. 2021.<\/p>\n\n\n\n<p>Le Pr\u00e9sident de L\u2019ABEILLE ARDENNAISE&nbsp;&nbsp;&nbsp;&nbsp;&nbsp;&nbsp;&nbsp;&nbsp;&nbsp;&nbsp;&nbsp;&nbsp;&nbsp;&nbsp;&nbsp;&nbsp; Le Secr\u00e9taire g\u00e9n\u00e9ral<\/p>\n\n\n\n<p><strong>Alain LESSERTISSEUR<\/strong>&nbsp;&nbsp;&nbsp;&nbsp;&nbsp;&nbsp;&nbsp;&nbsp;&nbsp;&nbsp;&nbsp;&nbsp;&nbsp;&nbsp;&nbsp;&nbsp;&nbsp;&nbsp;&nbsp;&nbsp;&nbsp;&nbsp;&nbsp;&nbsp;&nbsp;&nbsp;&nbsp;&nbsp;&nbsp;&nbsp;&nbsp;&nbsp;&nbsp;&nbsp;&nbsp;&nbsp;&nbsp;&nbsp;&nbsp;&nbsp;&nbsp;&nbsp;&nbsp; <strong>Michel SLEZIAK<\/strong><\/p>\n\n\n\n<p><\/p>\n\n\n\n<p>D\u00e9pos\u00e9s \u00e0 la mairie de FLOING le :<\/p>\n","protected":false},"excerpt":{"rendered":"<p>L&rsquo;Abeille Ardennaise est le syndicat d\u00e9partemental d&rsquo;apiculture des Ardennes. Le syndicat d&rsquo;apiculture des Ardennes repr\u00e9sente les apiculteurs Ardennais au sein du syndicat national d&rsquo;apiculture (SNA). Depuis novembre 2021, l&rsquo;organisation du syndicat ne comprend d\u00e9sormais plus qu&rsquo;un bureau principal.Pour adh\u00e9rer au syndicat il faut :&#8211; Soit remplir le formulaire d&rsquo;adh\u00e9sion en ligne : Adh\u00e9sion&#8211; Soit remplir [&hellip;]<\/p>\n","protected":false},"author":1,"featured_media":0,"parent":0,"menu_order":0,"comment_status":"closed","ping_status":"closed","template":"","meta":{"footnotes":""},"class_list":["post-31","page","type-page","status-publish","hentry"],"yoast_head":"<!-- This site is optimized with the Yoast SEO plugin v26.8 - https:\/\/yoast.com\/product\/yoast-seo-wordpress\/ -->\n<title>Pr\u00e9sentation - L&#039;Abeille Ardennaise<\/title>\n<meta name=\"robots\" content=\"index, follow, max-snippet:-1, max-image-preview:large, max-video-preview:-1\" \/>\n<link rel=\"canonical\" href=\"https:\/\/labeilleardennaise.fr\/index.php\/presentation\/\" \/>\n<meta property=\"og:locale\" content=\"fr_FR\" \/>\n<meta property=\"og:type\" content=\"article\" \/>\n<meta property=\"og:title\" content=\"Pr\u00e9sentation - L&#039;Abeille Ardennaise\" \/>\n<meta property=\"og:description\" content=\"L&rsquo;Abeille Ardennaise est le syndicat d\u00e9partemental d&rsquo;apiculture des Ardennes. Le syndicat d&rsquo;apiculture des Ardennes repr\u00e9sente les apiculteurs Ardennais au sein du syndicat national d&rsquo;apiculture (SNA). Depuis novembre 2021, l&rsquo;organisation du syndicat ne comprend d\u00e9sormais plus qu&rsquo;un bureau principal.Pour adh\u00e9rer au syndicat il faut :&#8211; Soit remplir le formulaire d&rsquo;adh\u00e9sion en ligne : Adh\u00e9sion&#8211; Soit remplir [&hellip;]\" \/>\n<meta property=\"og:url\" content=\"https:\/\/labeilleardennaise.fr\/index.php\/presentation\/\" \/>\n<meta property=\"og:site_name\" content=\"L&#039;Abeille Ardennaise\" \/>\n<meta property=\"article:modified_time\" content=\"2021-12-09T15:36:35+00:00\" \/>\n<meta name=\"twitter:card\" content=\"summary_large_image\" \/>\n<meta name=\"twitter:label1\" content=\"Dur\u00e9e de lecture estim\u00e9e\" \/>\n\t<meta name=\"twitter:data1\" content=\"6 minutes\" \/>\n<script type=\"application\/ld+json\" class=\"yoast-schema-graph\">{\"@context\":\"https:\/\/schema.org\",\"@graph\":[{\"@type\":\"WebPage\",\"@id\":\"https:\/\/labeilleardennaise.fr\/index.php\/presentation\/\",\"url\":\"https:\/\/labeilleardennaise.fr\/index.php\/presentation\/\",\"name\":\"Pr\u00e9sentation - L&#039;Abeille Ardennaise\",\"isPartOf\":{\"@id\":\"https:\/\/labeilleardennaise.fr\/#website\"},\"datePublished\":\"2021-09-25T08:03:58+00:00\",\"dateModified\":\"2021-12-09T15:36:35+00:00\",\"breadcrumb\":{\"@id\":\"https:\/\/labeilleardennaise.fr\/index.php\/presentation\/#breadcrumb\"},\"inLanguage\":\"fr-FR\",\"potentialAction\":[{\"@type\":\"ReadAction\",\"target\":[\"https:\/\/labeilleardennaise.fr\/index.php\/presentation\/\"]}]},{\"@type\":\"BreadcrumbList\",\"@id\":\"https:\/\/labeilleardennaise.fr\/index.php\/presentation\/#breadcrumb\",\"itemListElement\":[{\"@type\":\"ListItem\",\"position\":1,\"name\":\"Accueil\",\"item\":\"https:\/\/labeilleardennaise.fr\/\"},{\"@type\":\"ListItem\",\"position\":2,\"name\":\"Pr\u00e9sentation\"}]},{\"@type\":\"WebSite\",\"@id\":\"https:\/\/labeilleardennaise.fr\/#website\",\"url\":\"https:\/\/labeilleardennaise.fr\/\",\"name\":\"L'Abeille Ardennaise\",\"description\":\"Syndicat d\u00e9partemental d&#039;apiculture des Ardennes\",\"publisher\":{\"@id\":\"https:\/\/labeilleardennaise.fr\/#organization\"},\"potentialAction\":[{\"@type\":\"SearchAction\",\"target\":{\"@type\":\"EntryPoint\",\"urlTemplate\":\"https:\/\/labeilleardennaise.fr\/?s={search_term_string}\"},\"query-input\":{\"@type\":\"PropertyValueSpecification\",\"valueRequired\":true,\"valueName\":\"search_term_string\"}}],\"inLanguage\":\"fr-FR\"},{\"@type\":\"Organization\",\"@id\":\"https:\/\/labeilleardennaise.fr\/#organization\",\"name\":\"L'Abeille Ardennaise\",\"url\":\"https:\/\/labeilleardennaise.fr\/\",\"logo\":{\"@type\":\"ImageObject\",\"inLanguage\":\"fr-FR\",\"@id\":\"https:\/\/labeilleardennaise.fr\/#\/schema\/logo\/image\/\",\"url\":\"https:\/\/labeilleardennaise.fr\/wp-content\/uploads\/2021\/09\/aa2.png\",\"contentUrl\":\"https:\/\/labeilleardennaise.fr\/wp-content\/uploads\/2021\/09\/aa2.png\",\"width\":200,\"height\":200,\"caption\":\"L'Abeille Ardennaise\"},\"image\":{\"@id\":\"https:\/\/labeilleardennaise.fr\/#\/schema\/logo\/image\/\"}}]}<\/script>\n<!-- \/ Yoast SEO plugin. -->","yoast_head_json":{"title":"Pr\u00e9sentation - L&#039;Abeille Ardennaise","robots":{"index":"index","follow":"follow","max-snippet":"max-snippet:-1","max-image-preview":"max-image-preview:large","max-video-preview":"max-video-preview:-1"},"canonical":"https:\/\/labeilleardennaise.fr\/index.php\/presentation\/","og_locale":"fr_FR","og_type":"article","og_title":"Pr\u00e9sentation - L&#039;Abeille Ardennaise","og_description":"L&rsquo;Abeille Ardennaise est le syndicat d\u00e9partemental d&rsquo;apiculture des Ardennes. Le syndicat d&rsquo;apiculture des Ardennes repr\u00e9sente les apiculteurs Ardennais au sein du syndicat national d&rsquo;apiculture (SNA). Depuis novembre 2021, l&rsquo;organisation du syndicat ne comprend d\u00e9sormais plus qu&rsquo;un bureau principal.Pour adh\u00e9rer au syndicat il faut :&#8211; Soit remplir le formulaire d&rsquo;adh\u00e9sion en ligne : Adh\u00e9sion&#8211; Soit remplir [&hellip;]","og_url":"https:\/\/labeilleardennaise.fr\/index.php\/presentation\/","og_site_name":"L&#039;Abeille Ardennaise","article_modified_time":"2021-12-09T15:36:35+00:00","twitter_card":"summary_large_image","twitter_misc":{"Dur\u00e9e de lecture estim\u00e9e":"6 minutes"},"schema":{"@context":"https:\/\/schema.org","@graph":[{"@type":"WebPage","@id":"https:\/\/labeilleardennaise.fr\/index.php\/presentation\/","url":"https:\/\/labeilleardennaise.fr\/index.php\/presentation\/","name":"Pr\u00e9sentation - L&#039;Abeille Ardennaise","isPartOf":{"@id":"https:\/\/labeilleardennaise.fr\/#website"},"datePublished":"2021-09-25T08:03:58+00:00","dateModified":"2021-12-09T15:36:35+00:00","breadcrumb":{"@id":"https:\/\/labeilleardennaise.fr\/index.php\/presentation\/#breadcrumb"},"inLanguage":"fr-FR","potentialAction":[{"@type":"ReadAction","target":["https:\/\/labeilleardennaise.fr\/index.php\/presentation\/"]}]},{"@type":"BreadcrumbList","@id":"https:\/\/labeilleardennaise.fr\/index.php\/presentation\/#breadcrumb","itemListElement":[{"@type":"ListItem","position":1,"name":"Accueil","item":"https:\/\/labeilleardennaise.fr\/"},{"@type":"ListItem","position":2,"name":"Pr\u00e9sentation"}]},{"@type":"WebSite","@id":"https:\/\/labeilleardennaise.fr\/#website","url":"https:\/\/labeilleardennaise.fr\/","name":"L'Abeille Ardennaise","description":"Syndicat d\u00e9partemental d&#039;apiculture des Ardennes","publisher":{"@id":"https:\/\/labeilleardennaise.fr\/#organization"},"potentialAction":[{"@type":"SearchAction","target":{"@type":"EntryPoint","urlTemplate":"https:\/\/labeilleardennaise.fr\/?s={search_term_string}"},"query-input":{"@type":"PropertyValueSpecification","valueRequired":true,"valueName":"search_term_string"}}],"inLanguage":"fr-FR"},{"@type":"Organization","@id":"https:\/\/labeilleardennaise.fr\/#organization","name":"L'Abeille Ardennaise","url":"https:\/\/labeilleardennaise.fr\/","logo":{"@type":"ImageObject","inLanguage":"fr-FR","@id":"https:\/\/labeilleardennaise.fr\/#\/schema\/logo\/image\/","url":"https:\/\/labeilleardennaise.fr\/wp-content\/uploads\/2021\/09\/aa2.png","contentUrl":"https:\/\/labeilleardennaise.fr\/wp-content\/uploads\/2021\/09\/aa2.png","width":200,"height":200,"caption":"L'Abeille Ardennaise"},"image":{"@id":"https:\/\/labeilleardennaise.fr\/#\/schema\/logo\/image\/"}}]}},"_links":{"self":[{"href":"https:\/\/labeilleardennaise.fr\/index.php\/wp-json\/wp\/v2\/pages\/31","targetHints":{"allow":["GET"]}}],"collection":[{"href":"https:\/\/labeilleardennaise.fr\/index.php\/wp-json\/wp\/v2\/pages"}],"about":[{"href":"https:\/\/labeilleardennaise.fr\/index.php\/wp-json\/wp\/v2\/types\/page"}],"author":[{"embeddable":true,"href":"https:\/\/labeilleardennaise.fr\/index.php\/wp-json\/wp\/v2\/users\/1"}],"replies":[{"embeddable":true,"href":"https:\/\/labeilleardennaise.fr\/index.php\/wp-json\/wp\/v2\/comments?post=31"}],"version-history":[{"count":6,"href":"https:\/\/labeilleardennaise.fr\/index.php\/wp-json\/wp\/v2\/pages\/31\/revisions"}],"predecessor-version":[{"id":334,"href":"https:\/\/labeilleardennaise.fr\/index.php\/wp-json\/wp\/v2\/pages\/31\/revisions\/334"}],"wp:attachment":[{"href":"https:\/\/labeilleardennaise.fr\/index.php\/wp-json\/wp\/v2\/media?parent=31"}],"curies":[{"name":"wp","href":"https:\/\/api.w.org\/{rel}","templated":true}]}}