{"id":316,"date":"2021-12-06T14:32:40","date_gmt":"2021-12-06T13:32:40","guid":{"rendered":"https:\/\/labeilleardennaise.fr\/?page_id=316"},"modified":"2025-04-11T19:19:08","modified_gmt":"2025-04-11T17:19:08","slug":"pret-de-materiel","status":"publish","type":"page","link":"https:\/\/labeilleardennaise.fr\/index.php\/pret-de-materiel\/","title":{"rendered":"Pr\u00eat de mat\u00e9riel"},"content":{"rendered":"\n<p>Pour une demande de pr\u00eat, merci de vous rapprocher de la personne concern\u00e9e : <a href=\"https:\/\/labeilleardennaise.fr\/index.php\/contacts\/\" target=\"_blank\" rel=\"noreferrer noopener\">contacts<\/a><\/p>\n\n\n\n<p>Un ch\u00e8que de caution de <strong>200\u20ac<\/strong> vous sera demand\u00e9.<\/p>\n\n\n\n<p><\/p>\n\n\n\n<p class=\"has-text-align-center\">Ci-dessous, la liste du mat\u00e9riel que l&rsquo;Abeille Ardennaise dispose.<\/p>\n\n\n\n<p class=\"has-text-align-center\"><strong>Secteur <meta charset=\"utf-8\">Charleville-M\u00e9zi\u00e8res et Sedan<\/strong><\/p>\n\n\n\n<figure class=\"wp-block-table\"><table><thead><tr><th>Description<\/th><th>Personne en possession<\/th><\/tr><\/thead><tbody><tr><td>Chaudi\u00e8re \u00e0 cire<\/td><td>Ghislain&nbsp;TERRIEN<\/td><\/tr><tr><td>Ruche p\u00e9dagogique bois avec photos sur les cadres<\/td><td><meta charset=\"utf-8\">Patricia DE DECKER<\/td><\/tr><tr><td>Balance \u00e9lectronique<\/td><td>Etienne WARIN<\/td><\/tr><tr><td>Caisse \u00e0 cire (10)<\/td><td><meta charset=\"utf-8\">Etienne WARIN<\/td><\/tr><tr><td>Chaudi\u00e8re \u00e0 cire<\/td><td>R\u00e9gis HENRIET<\/td><\/tr><tr><td>D\u00e9figeur<\/td><td>R\u00e9gis HENRIET<\/td><\/tr><tr><td>Ruche p\u00e9dagogique 3D<\/td><td>R\u00e9gis HENRIET<\/td><\/tr><tr><td>Panneaux p\u00e9dagogiques (10)<\/td><td>R\u00e9gis HENRIET<\/td><\/tr><tr><td>Balance \u00e9lectronique<\/td><td>Patrick HABAI<\/td><\/tr><tr><td>Bruleur chaudi\u00e8re<\/td><td>R\u00e9gis HENRIET<\/td><\/tr><\/tbody><\/table><\/figure>\n\n\n\n<p class=\"has-text-align-center\"><meta charset=\"utf-8\"><strong>Secteur Rethel et Vouziers<\/strong><\/p>\n\n\n\n<figure class=\"wp-block-table\"><table><thead><tr><th>Description<\/th><th><meta charset=\"utf-8\">Personne en possession<\/th><\/tr><\/thead><tbody><tr><td><meta charset=\"utf-8\">Chaudi\u00e8re \u00e0 cire<\/td><td><br>R\u00e9gis HENRIET<\/td><\/tr><tr><td>D\u00e9figeur<\/td><td>R\u00e9gis HENRIET<\/td><\/tr><tr><td><meta charset=\"utf-8\"><meta charset=\"utf-8\">Balance \u00e9lectronique<\/td><td><meta charset=\"utf-8\"><\/meta>J\u00e9r\u00f4me HAYETINE ?<\/td><\/tr><tr><td><meta charset=\"utf-8\">Chaudi\u00e8re \u00e0 cire<\/td><td>Mr MIELCARECK<br>20 claire fontaine 08400 Ballay<br><a href=\"mailto:mielcarek.christian0772@orange.fr\">mielcarek.christian0772@orange.fr<\/a><\/td><\/tr><tr><td><meta charset=\"utf-8\"><meta charset=\"utf-8\">D\u00e9figeur<\/td><td><meta charset=\"utf-8\">Didier PREVOT<\/td><\/tr><tr><td><meta charset=\"utf-8\">D\u00e9figeur 2<\/td><td><meta charset=\"utf-8\">Didier PREVOT<\/td><\/tr><tr><td><meta charset=\"utf-8\">Ruche d\u00e9monstration<\/td><td><meta charset=\"utf-8\"><\/meta>Damien LANOTTE<\/td><\/tr><tr><td>R\u00e9fractom\u00e8tre<\/td><td><meta charset=\"utf-8\">Didier PREVOT<\/td><\/tr><tr><td><meta charset=\"utf-8\">Balance \u00e9lectronique<\/td><td><meta charset=\"utf-8\">Didier PREVOT<\/td><\/tr><\/tbody><\/table><\/figure>\n\n\n\n<p class=\"has-text-align-center\"><\/p>\n","protected":false},"excerpt":{"rendered":"<p>Pour une demande de pr\u00eat, merci de vous rapprocher de la personne concern\u00e9e : contacts Un ch\u00e8que de caution de 200\u20ac vous sera demand\u00e9. Ci-dessous, la liste du mat\u00e9riel que l&rsquo;Abeille Ardennaise dispose. Secteur Charleville-M\u00e9zi\u00e8res et Sedan Description Personne en possession Chaudi\u00e8re \u00e0 cire Ghislain&nbsp;TERRIEN Ruche p\u00e9dagogique bois avec photos sur les cadres Patricia DE [&hellip;]<\/p>\n","protected":false},"author":1,"featured_media":0,"parent":0,"menu_order":0,"comment_status":"closed","ping_status":"closed","template":"","meta":{"footnotes":""},"class_list":["post-316","page","type-page","status-publish","hentry"],"yoast_head":"<!-- This site is optimized with the Yoast SEO plugin v26.8 - https:\/\/yoast.com\/product\/yoast-seo-wordpress\/ -->\n<title>Pr\u00eat de mat\u00e9riel - L&#039;Abeille Ardennaise<\/title>\n<meta name=\"robots\" content=\"index, follow, max-snippet:-1, max-image-preview:large, max-video-preview:-1\" \/>\n<link rel=\"canonical\" href=\"https:\/\/labeilleardennaise.fr\/index.php\/pret-de-materiel\/\" \/>\n<meta property=\"og:locale\" content=\"fr_FR\" \/>\n<meta property=\"og:type\" content=\"article\" \/>\n<meta property=\"og:title\" content=\"Pr\u00eat de mat\u00e9riel - L&#039;Abeille Ardennaise\" \/>\n<meta property=\"og:description\" content=\"Pour une demande de pr\u00eat, merci de vous rapprocher de la personne concern\u00e9e : contacts Un ch\u00e8que de caution de 200\u20ac vous sera demand\u00e9. Ci-dessous, la liste du mat\u00e9riel que l&rsquo;Abeille Ardennaise dispose. Secteur Charleville-M\u00e9zi\u00e8res et Sedan Description Personne en possession Chaudi\u00e8re \u00e0 cire Ghislain&nbsp;TERRIEN Ruche p\u00e9dagogique bois avec photos sur les cadres Patricia DE [&hellip;]\" \/>\n<meta property=\"og:url\" content=\"https:\/\/labeilleardennaise.fr\/index.php\/pret-de-materiel\/\" \/>\n<meta property=\"og:site_name\" content=\"L&#039;Abeille Ardennaise\" \/>\n<meta property=\"article:modified_time\" content=\"2025-04-11T17:19:08+00:00\" \/>\n<meta name=\"twitter:card\" content=\"summary_large_image\" \/>\n<meta name=\"twitter:label1\" content=\"Dur\u00e9e de lecture estim\u00e9e\" \/>\n\t<meta name=\"twitter:data1\" content=\"1 minute\" \/>\n<script type=\"application\/ld+json\" class=\"yoast-schema-graph\">{\"@context\":\"https:\/\/schema.org\",\"@graph\":[{\"@type\":\"WebPage\",\"@id\":\"https:\/\/labeilleardennaise.fr\/index.php\/pret-de-materiel\/\",\"url\":\"https:\/\/labeilleardennaise.fr\/index.php\/pret-de-materiel\/\",\"name\":\"Pr\u00eat de mat\u00e9riel - L&#039;Abeille Ardennaise\",\"isPartOf\":{\"@id\":\"https:\/\/labeilleardennaise.fr\/#website\"},\"datePublished\":\"2021-12-06T13:32:40+00:00\",\"dateModified\":\"2025-04-11T17:19:08+00:00\",\"breadcrumb\":{\"@id\":\"https:\/\/labeilleardennaise.fr\/index.php\/pret-de-materiel\/#breadcrumb\"},\"inLanguage\":\"fr-FR\",\"potentialAction\":[{\"@type\":\"ReadAction\",\"target\":[\"https:\/\/labeilleardennaise.fr\/index.php\/pret-de-materiel\/\"]}]},{\"@type\":\"BreadcrumbList\",\"@id\":\"https:\/\/labeilleardennaise.fr\/index.php\/pret-de-materiel\/#breadcrumb\",\"itemListElement\":[{\"@type\":\"ListItem\",\"position\":1,\"name\":\"Accueil\",\"item\":\"https:\/\/labeilleardennaise.fr\/\"},{\"@type\":\"ListItem\",\"position\":2,\"name\":\"Pr\u00eat de mat\u00e9riel\"}]},{\"@type\":\"WebSite\",\"@id\":\"https:\/\/labeilleardennaise.fr\/#website\",\"url\":\"https:\/\/labeilleardennaise.fr\/\",\"name\":\"L'Abeille Ardennaise\",\"description\":\"Syndicat d\u00e9partemental d&#039;apiculture des Ardennes\",\"publisher\":{\"@id\":\"https:\/\/labeilleardennaise.fr\/#organization\"},\"potentialAction\":[{\"@type\":\"SearchAction\",\"target\":{\"@type\":\"EntryPoint\",\"urlTemplate\":\"https:\/\/labeilleardennaise.fr\/?s={search_term_string}\"},\"query-input\":{\"@type\":\"PropertyValueSpecification\",\"valueRequired\":true,\"valueName\":\"search_term_string\"}}],\"inLanguage\":\"fr-FR\"},{\"@type\":\"Organization\",\"@id\":\"https:\/\/labeilleardennaise.fr\/#organization\",\"name\":\"L'Abeille Ardennaise\",\"url\":\"https:\/\/labeilleardennaise.fr\/\",\"logo\":{\"@type\":\"ImageObject\",\"inLanguage\":\"fr-FR\",\"@id\":\"https:\/\/labeilleardennaise.fr\/#\/schema\/logo\/image\/\",\"url\":\"https:\/\/labeilleardennaise.fr\/wp-content\/uploads\/2021\/09\/aa2.png\",\"contentUrl\":\"https:\/\/labeilleardennaise.fr\/wp-content\/uploads\/2021\/09\/aa2.png\",\"width\":200,\"height\":200,\"caption\":\"L'Abeille Ardennaise\"},\"image\":{\"@id\":\"https:\/\/labeilleardennaise.fr\/#\/schema\/logo\/image\/\"}}]}<\/script>\n<!-- \/ Yoast SEO plugin. -->","yoast_head_json":{"title":"Pr\u00eat de mat\u00e9riel - L&#039;Abeille Ardennaise","robots":{"index":"index","follow":"follow","max-snippet":"max-snippet:-1","max-image-preview":"max-image-preview:large","max-video-preview":"max-video-preview:-1"},"canonical":"https:\/\/labeilleardennaise.fr\/index.php\/pret-de-materiel\/","og_locale":"fr_FR","og_type":"article","og_title":"Pr\u00eat de mat\u00e9riel - L&#039;Abeille Ardennaise","og_description":"Pour une demande de pr\u00eat, merci de vous rapprocher de la personne concern\u00e9e : contacts Un ch\u00e8que de caution de 200\u20ac vous sera demand\u00e9. Ci-dessous, la liste du mat\u00e9riel que l&rsquo;Abeille Ardennaise dispose. Secteur Charleville-M\u00e9zi\u00e8res et Sedan Description Personne en possession Chaudi\u00e8re \u00e0 cire Ghislain&nbsp;TERRIEN Ruche p\u00e9dagogique bois avec photos sur les cadres Patricia DE [&hellip;]","og_url":"https:\/\/labeilleardennaise.fr\/index.php\/pret-de-materiel\/","og_site_name":"L&#039;Abeille Ardennaise","article_modified_time":"2025-04-11T17:19:08+00:00","twitter_card":"summary_large_image","twitter_misc":{"Dur\u00e9e de lecture estim\u00e9e":"1 minute"},"schema":{"@context":"https:\/\/schema.org","@graph":[{"@type":"WebPage","@id":"https:\/\/labeilleardennaise.fr\/index.php\/pret-de-materiel\/","url":"https:\/\/labeilleardennaise.fr\/index.php\/pret-de-materiel\/","name":"Pr\u00eat de mat\u00e9riel - L&#039;Abeille Ardennaise","isPartOf":{"@id":"https:\/\/labeilleardennaise.fr\/#website"},"datePublished":"2021-12-06T13:32:40+00:00","dateModified":"2025-04-11T17:19:08+00:00","breadcrumb":{"@id":"https:\/\/labeilleardennaise.fr\/index.php\/pret-de-materiel\/#breadcrumb"},"inLanguage":"fr-FR","potentialAction":[{"@type":"ReadAction","target":["https:\/\/labeilleardennaise.fr\/index.php\/pret-de-materiel\/"]}]},{"@type":"BreadcrumbList","@id":"https:\/\/labeilleardennaise.fr\/index.php\/pret-de-materiel\/#breadcrumb","itemListElement":[{"@type":"ListItem","position":1,"name":"Accueil","item":"https:\/\/labeilleardennaise.fr\/"},{"@type":"ListItem","position":2,"name":"Pr\u00eat de mat\u00e9riel"}]},{"@type":"WebSite","@id":"https:\/\/labeilleardennaise.fr\/#website","url":"https:\/\/labeilleardennaise.fr\/","name":"L'Abeille Ardennaise","description":"Syndicat d\u00e9partemental d&#039;apiculture des Ardennes","publisher":{"@id":"https:\/\/labeilleardennaise.fr\/#organization"},"potentialAction":[{"@type":"SearchAction","target":{"@type":"EntryPoint","urlTemplate":"https:\/\/labeilleardennaise.fr\/?s={search_term_string}"},"query-input":{"@type":"PropertyValueSpecification","valueRequired":true,"valueName":"search_term_string"}}],"inLanguage":"fr-FR"},{"@type":"Organization","@id":"https:\/\/labeilleardennaise.fr\/#organization","name":"L'Abeille Ardennaise","url":"https:\/\/labeilleardennaise.fr\/","logo":{"@type":"ImageObject","inLanguage":"fr-FR","@id":"https:\/\/labeilleardennaise.fr\/#\/schema\/logo\/image\/","url":"https:\/\/labeilleardennaise.fr\/wp-content\/uploads\/2021\/09\/aa2.png","contentUrl":"https:\/\/labeilleardennaise.fr\/wp-content\/uploads\/2021\/09\/aa2.png","width":200,"height":200,"caption":"L'Abeille Ardennaise"},"image":{"@id":"https:\/\/labeilleardennaise.fr\/#\/schema\/logo\/image\/"}}]}},"_links":{"self":[{"href":"https:\/\/labeilleardennaise.fr\/index.php\/wp-json\/wp\/v2\/pages\/316","targetHints":{"allow":["GET"]}}],"collection":[{"href":"https:\/\/labeilleardennaise.fr\/index.php\/wp-json\/wp\/v2\/pages"}],"about":[{"href":"https:\/\/labeilleardennaise.fr\/index.php\/wp-json\/wp\/v2\/types\/page"}],"author":[{"embeddable":true,"href":"https:\/\/labeilleardennaise.fr\/index.php\/wp-json\/wp\/v2\/users\/1"}],"replies":[{"embeddable":true,"href":"https:\/\/labeilleardennaise.fr\/index.php\/wp-json\/wp\/v2\/comments?post=316"}],"version-history":[{"count":18,"href":"https:\/\/labeilleardennaise.fr\/index.php\/wp-json\/wp\/v2\/pages\/316\/revisions"}],"predecessor-version":[{"id":905,"href":"https:\/\/labeilleardennaise.fr\/index.php\/wp-json\/wp\/v2\/pages\/316\/revisions\/905"}],"wp:attachment":[{"href":"https:\/\/labeilleardennaise.fr\/index.php\/wp-json\/wp\/v2\/media?parent=316"}],"curies":[{"name":"wp","href":"https:\/\/api.w.org\/{rel}","templated":true}]}}